{"id":2734,"date":"2022-05-16T09:38:02","date_gmt":"2022-05-16T09:38:02","guid":{"rendered":"https:\/\/f2servid.com\/empresa\/"},"modified":"2023-09-25T14:48:16","modified_gmt":"2023-09-25T14:48:16","slug":"empresa","status":"publish","type":"page","link":"https:\/\/f2servid.com\/ca\/empresa\/","title":{"rendered":"F2 Servid"},"content":{"rendered":"\t\t<div data-elementor-type=\"wp-page\" data-elementor-id=\"2734\" class=\"elementor elementor-2734\">\n\t\t\t\t\t\t<section class=\"elementor-section elementor-top-section elementor-element elementor-element-759c274e elementor-section-boxed elementor-section-height-default elementor-section-height-default\" data-id=\"759c274e\" data-element_type=\"section\" data-e-type=\"section\" data-settings=\"{&quot;background_background&quot;:&quot;classic&quot;}\">\n\t\t\t\t\t\t<div class=\"elementor-container elementor-column-gap-default\">\n\t\t\t\t\t<div class=\"elementor-column elementor-col-100 elementor-top-column elementor-element elementor-element-254f9039\" data-id=\"254f9039\" data-element_type=\"column\" data-e-type=\"column\">\n\t\t\t<div class=\"elementor-widget-wrap elementor-element-populated\">\n\t\t\t\t\t\t<div class=\"elementor-element elementor-element-2c753fd4 elementor-widget elementor-widget-spacer\" data-id=\"2c753fd4\" data-element_type=\"widget\" data-e-type=\"widget\" data-widget_type=\"spacer.default\">\n\t\t\t\t<div class=\"elementor-widget-container\">\n\t\t\t\t\t\t\t<div class=\"elementor-spacer\">\n\t\t\t<div class=\"elementor-spacer-inner\"><\/div>\n\t\t<\/div>\n\t\t\t\t\t\t<\/div>\n\t\t\t\t<\/div>\n\t\t\t\t<div class=\"elementor-element elementor-element-39e82215 elementor-align-left elementor-widget elementor-widget-raven-breadcrumbs\" data-id=\"39e82215\" data-element_type=\"widget\" data-e-type=\"widget\" data-widget_type=\"raven-breadcrumbs.default\">\n\t\t\t\t<div class=\"elementor-widget-container\">\n\t\t\t\t\t<div class=\"raven-breadcrumbs raven-breadcrumbs-default\"><div class=\"breadcrumb\">\t\t\t\t<div class=\"breadcrumb-item active\" aria-current=\"page\"><span>Home<\/span><\/div>\n\n\t\t\t\t<\/div><\/div>\t\t\t\t<\/div>\n\t\t\t\t<\/div>\n\t\t\t\t<div class=\"elementor-element elementor-element-1127c518 elementor-widget elementor-widget-text-editor\" data-id=\"1127c518\" data-element_type=\"widget\" data-e-type=\"widget\" data-widget_type=\"text-editor.default\">\n\t\t\t\t<div class=\"elementor-widget-container\">\n\t\t\t\t\t\t\t\t\tF2 Servid\t\t\t\t\t\t\t\t<\/div>\n\t\t\t\t<\/div>\n\t\t\t\t<div class=\"elementor-element elementor-element-2dab4e21 elementor-widget elementor-widget-spacer\" data-id=\"2dab4e21\" data-element_type=\"widget\" data-e-type=\"widget\" data-widget_type=\"spacer.default\">\n\t\t\t\t<div class=\"elementor-widget-container\">\n\t\t\t\t\t\t\t<div class=\"elementor-spacer\">\n\t\t\t<div class=\"elementor-spacer-inner\"><\/div>\n\t\t<\/div>\n\t\t\t\t\t\t<\/div>\n\t\t\t\t<\/div>\n\t\t\t\t\t<\/div>\n\t\t<\/div>\n\t\t\t\t\t<\/div>\n\t\t<\/section>\n\t\t\t\t<section class=\"elementor-section elementor-top-section elementor-element elementor-element-24acbd79 elementor-section-boxed elementor-section-height-default elementor-section-height-default\" data-id=\"24acbd79\" data-element_type=\"section\" data-e-type=\"section\" data-settings=\"{&quot;background_background&quot;:&quot;classic&quot;}\">\n\t\t\t\t\t\t<div class=\"elementor-container elementor-column-gap-default\">\n\t\t\t\t\t<div class=\"elementor-column elementor-col-100 elementor-top-column elementor-element elementor-element-6531f125\" data-id=\"6531f125\" data-element_type=\"column\" data-e-type=\"column\">\n\t\t\t<div class=\"elementor-widget-wrap elementor-element-populated\">\n\t\t\t\t\t\t<div class=\"elementor-element elementor-element-4abedae9 elementor-widget elementor-widget-spacer\" data-id=\"4abedae9\" data-element_type=\"widget\" data-e-type=\"widget\" data-widget_type=\"spacer.default\">\n\t\t\t\t<div class=\"elementor-widget-container\">\n\t\t\t\t\t\t\t<div class=\"elementor-spacer\">\n\t\t\t<div class=\"elementor-spacer-inner\"><\/div>\n\t\t<\/div>\n\t\t\t\t\t\t<\/div>\n\t\t\t\t<\/div>\n\t\t\t\t\t<\/div>\n\t\t<\/div>\n\t\t\t\t\t<\/div>\n\t\t<\/section>\n\t\t\t\t<section class=\"elementor-section elementor-top-section elementor-element elementor-element-1e72809f elementor-section-boxed elementor-section-height-default elementor-section-height-default\" data-id=\"1e72809f\" data-element_type=\"section\" data-e-type=\"section\" data-settings=\"{&quot;background_background&quot;:&quot;classic&quot;}\">\n\t\t\t\t\t\t<div class=\"elementor-container elementor-column-gap-default\">\n\t\t\t\t\t<div class=\"elementor-column elementor-col-100 elementor-top-column elementor-element elementor-element-44f1e66b\" data-id=\"44f1e66b\" data-element_type=\"column\" data-e-type=\"column\">\n\t\t\t<div class=\"elementor-widget-wrap elementor-element-populated\">\n\t\t\t\t\t\t<div class=\"elementor-element elementor-element-33787c44 elementor-hidden-mobile elementor-widget elementor-widget-spacer\" data-id=\"33787c44\" data-element_type=\"widget\" data-e-type=\"widget\" data-widget_type=\"spacer.default\">\n\t\t\t\t<div class=\"elementor-widget-container\">\n\t\t\t\t\t\t\t<div class=\"elementor-spacer\">\n\t\t\t<div class=\"elementor-spacer-inner\"><\/div>\n\t\t<\/div>\n\t\t\t\t\t\t<\/div>\n\t\t\t\t<\/div>\n\t\t\t\t<div class=\"elementor-element elementor-element-5d75aebd paginadetall elementor-widget elementor-widget-text-editor\" data-id=\"5d75aebd\" data-element_type=\"widget\" data-e-type=\"widget\" data-widget_type=\"text-editor.default\">\n\t\t\t\t<div class=\"elementor-widget-container\">\n\t\t\t\t\t\t\t\t\t<h1>Referents al sector de l&#8217;envasat i embalatge de mercaderies<\/h1>\t\t\t\t\t\t\t\t<\/div>\n\t\t\t\t<\/div>\n\t\t\t\t\t<\/div>\n\t\t<\/div>\n\t\t\t\t\t<\/div>\n\t\t<\/section>\n\t\t\t\t<section class=\"elementor-section elementor-top-section elementor-element elementor-element-12023993 fonsgris elementor-section-boxed elementor-section-height-default elementor-section-height-default\" data-id=\"12023993\" data-element_type=\"section\" data-e-type=\"section\" data-settings=\"{&quot;background_background&quot;:&quot;classic&quot;}\">\n\t\t\t\t\t\t<div class=\"elementor-container elementor-column-gap-default\">\n\t\t\t\t\t<div class=\"elementor-column elementor-col-50 elementor-top-column elementor-element elementor-element-1514a4a7\" data-id=\"1514a4a7\" data-element_type=\"column\" data-e-type=\"column\">\n\t\t\t<div class=\"elementor-widget-wrap elementor-element-populated\">\n\t\t\t\t\t\t<div class=\"elementor-element elementor-element-7f009eab elementor-widget elementor-widget-video\" data-id=\"7f009eab\" data-element_type=\"widget\" data-e-type=\"widget\" data-settings=\"{&quot;youtube_url&quot;:&quot;https:\\\/\\\/youtu.be\\\/RQKZz0nuVjU&quot;,&quot;autoplay&quot;:&quot;yes&quot;,&quot;mute&quot;:&quot;yes&quot;,&quot;loop&quot;:&quot;yes&quot;,&quot;video_type&quot;:&quot;youtube&quot;,&quot;controls&quot;:&quot;yes&quot;}\" data-widget_type=\"video.default\">\n\t\t\t\t<div class=\"elementor-widget-container\">\n\t\t\t\t\t\t\t<div class=\"elementor-wrapper elementor-open-inline\">\n\t\t\t<div class=\"elementor-video\"><\/div>\t\t<\/div>\n\t\t\t\t\t\t<\/div>\n\t\t\t\t<\/div>\n\t\t\t\t\t<\/div>\n\t\t<\/div>\n\t\t\t\t<div class=\"elementor-column elementor-col-50 elementor-top-column elementor-element elementor-element-4f8590ff\" data-id=\"4f8590ff\" data-element_type=\"column\" data-e-type=\"column\">\n\t\t\t<div class=\"elementor-widget-wrap elementor-element-populated\">\n\t\t\t\t\t\t<div class=\"elementor-element elementor-element-5ed5cea elementor-widget elementor-widget-spacer\" data-id=\"5ed5cea\" data-element_type=\"widget\" data-e-type=\"widget\" data-widget_type=\"spacer.default\">\n\t\t\t\t<div class=\"elementor-widget-container\">\n\t\t\t\t\t\t\t<div class=\"elementor-spacer\">\n\t\t\t<div class=\"elementor-spacer-inner\"><\/div>\n\t\t<\/div>\n\t\t\t\t\t\t<\/div>\n\t\t\t\t<\/div>\n\t\t\t\t<div class=\"elementor-element elementor-element-26973c84 elementor-widget elementor-widget-spacer\" data-id=\"26973c84\" data-element_type=\"widget\" data-e-type=\"widget\" data-widget_type=\"spacer.default\">\n\t\t\t\t<div class=\"elementor-widget-container\">\n\t\t\t\t\t\t\t<div class=\"elementor-spacer\">\n\t\t\t<div class=\"elementor-spacer-inner\"><\/div>\n\t\t<\/div>\n\t\t\t\t\t\t<\/div>\n\t\t\t\t<\/div>\n\t\t\t\t<div class=\"elementor-element elementor-element-420182ef elementor-widget elementor-widget-text-editor\" data-id=\"420182ef\" data-element_type=\"widget\" data-e-type=\"widget\" data-widget_type=\"text-editor.default\">\n\t\t\t\t<div class=\"elementor-widget-container\">\n\t\t\t\t\t\t\t\t\t<p>M\u00e9s de 50 anys d&#8217;experi\u00e8ncia<\/p>\t\t\t\t\t\t\t\t<\/div>\n\t\t\t\t<\/div>\n\t\t\t\t<div class=\"elementor-element elementor-element-417a46ca elementor-widget elementor-widget-text-editor\" data-id=\"417a46ca\" data-element_type=\"widget\" data-e-type=\"widget\" data-widget_type=\"text-editor.default\">\n\t\t\t\t<div class=\"elementor-widget-container\">\n\t\t\t\t\t\t\t\t\t<p>Refer\u00e8ncia en el m\u00f3n del packaging industrial<\/p>\t\t\t\t\t\t\t\t<\/div>\n\t\t\t\t<\/div>\n\t\t\t\t<div class=\"elementor-element elementor-element-556c1e5d elementor-widget elementor-widget-spacer\" data-id=\"556c1e5d\" data-element_type=\"widget\" data-e-type=\"widget\" data-widget_type=\"spacer.default\">\n\t\t\t\t<div class=\"elementor-widget-container\">\n\t\t\t\t\t\t\t<div class=\"elementor-spacer\">\n\t\t\t<div class=\"elementor-spacer-inner\"><\/div>\n\t\t<\/div>\n\t\t\t\t\t\t<\/div>\n\t\t\t\t<\/div>\n\t\t\t\t\t<\/div>\n\t\t<\/div>\n\t\t\t\t\t<\/div>\n\t\t<\/section>\n\t\t\t\t<section class=\"elementor-section elementor-top-section elementor-element elementor-element-68aa7b47 elementor-section-boxed elementor-section-height-default elementor-section-height-default\" data-id=\"68aa7b47\" data-element_type=\"section\" data-e-type=\"section\">\n\t\t\t\t\t\t<div class=\"elementor-container elementor-column-gap-default\">\n\t\t\t\t\t<div class=\"elementor-column elementor-col-100 elementor-top-column elementor-element elementor-element-3dc65952\" data-id=\"3dc65952\" data-element_type=\"column\" data-e-type=\"column\">\n\t\t\t<div class=\"elementor-widget-wrap elementor-element-populated\">\n\t\t\t\t\t\t<div class=\"elementor-element elementor-element-33cee4b elementor-widget elementor-widget-spacer\" data-id=\"33cee4b\" data-element_type=\"widget\" data-e-type=\"widget\" data-widget_type=\"spacer.default\">\n\t\t\t\t<div class=\"elementor-widget-container\">\n\t\t\t\t\t\t\t<div class=\"elementor-spacer\">\n\t\t\t<div class=\"elementor-spacer-inner\"><\/div>\n\t\t<\/div>\n\t\t\t\t\t\t<\/div>\n\t\t\t\t<\/div>\n\t\t\t\t\t<\/div>\n\t\t<\/div>\n\t\t\t\t\t<\/div>\n\t\t<\/section>\n\t\t\t\t<section class=\"elementor-section elementor-top-section elementor-element elementor-element-6e07920f elementor-section-boxed elementor-section-height-default elementor-section-height-default\" data-id=\"6e07920f\" data-element_type=\"section\" data-e-type=\"section\">\n\t\t\t\t\t\t<div class=\"elementor-container elementor-column-gap-default\">\n\t\t\t\t\t<div class=\"elementor-column elementor-col-100 elementor-top-column elementor-element elementor-element-50bdc242\" data-id=\"50bdc242\" data-element_type=\"column\" data-e-type=\"column\">\n\t\t\t<div class=\"elementor-widget-wrap elementor-element-populated\">\n\t\t\t\t\t\t<div class=\"elementor-element elementor-element-77af2861 elementor-widget elementor-widget-text-editor\" data-id=\"77af2861\" data-element_type=\"widget\" data-e-type=\"widget\" data-widget_type=\"text-editor.default\">\n\t\t\t\t<div class=\"elementor-widget-container\">\n\t\t\t\t\t\t\t\t\t<p>Des de F2 Servid representem i distribu\u00efm les millors firmes nacionals i internacionals de productes per l&#8217;env\u00e0s i l&#8217;embalatge de mercaderies, tant pel magatzem com pel transport de les mateixes.<\/p><p>El nostre ampli cat\u00e0leg ens permet oferir als nostres clients la soluci\u00f3 en packaging industrial que millor s&#8217;adapta a les necessitats de la mercaderia i del sector industrial al que pertanyen.<\/p><p>Per aix\u00f2, i atesa la nostra experi\u00e8ncia, hem fidelitzat els clients amb un tracte molt proper i personalitzat, un dels trets caracter\u00edstics de la nostra empresa.<\/p>\t\t\t\t\t\t\t\t<\/div>\n\t\t\t\t<\/div>\n\t\t\t\t<div class=\"elementor-element elementor-element-44770aa0 elementor-widget elementor-widget-text-editor\" data-id=\"44770aa0\" data-element_type=\"widget\" data-e-type=\"widget\" data-widget_type=\"text-editor.default\">\n\t\t\t\t<div class=\"elementor-widget-container\">\n\t\t\t\t\t\t\t\t\t<p style=\"text-align: center;\">Treballem amb diferents sectors com s\u00f3n l&#8217;alimentaci\u00f3, qu\u00edmics, farmac\u00e8utics, agricultura, reciclatge, pl\u00e0stic, ciment, fertilitzants, additius, mat\u00e8ries perilloses\u2026<\/p>\t\t\t\t\t\t\t\t<\/div>\n\t\t\t\t<\/div>\n\t\t\t\t<div class=\"elementor-element elementor-element-42e2786c elementor-widget elementor-widget-text-editor\" data-id=\"42e2786c\" data-element_type=\"widget\" data-e-type=\"widget\" data-widget_type=\"text-editor.default\">\n\t\t\t\t<div class=\"elementor-widget-container\">\n\t\t\t\t\t\t\t\t\t<p>Amb m\u00e9s de 50 anys d&#8217;experi\u00e8ncia en el sector a F2 Servid som conscients que cada ind\u00fastria necessita una tipologia d&#8217;env\u00e0s i embalatge que s&#8217;adapti a la seva mercaderia. Per aix\u00f2, a m\u00e9s d&#8217;oferir als nostres clients m\u00faltiples refer\u00e8ncies de qualitat, un dels nostres segells identitaris \u00e9s l&#8217;ampli coneixement i el servei d&#8217;assessorament; escoltant, entenent i estudiant les necessitats de cada client per poder oferir la millor soluci\u00f3.&nbsp;<\/p>\n<p>Comptem amb sis categories gen\u00e8riques de productes que completen un cat\u00e0leg en qu\u00e8 podem aportar solucions als nostres clients: Big Bags (distribuci\u00f3 de sacs), eslingues per la c\u00e0rrega del transport, estructures per l&#8217;emmagatzematge dels BigPacks, sacs personalitzats, antilliscants per estabilitzar la mercaderia i contenidors plegables i apilables per l&#8217;emmagatzematge.<\/p>\n<p>A m\u00e9s, a F2 Servid comptem amb un departament d&#8217;I+D des d&#8217;on investiguem constantment noves solucions i innovem nous productes per a l&#8217;embalatge de la seva mercaderia.<\/p>\n<p>Les nostres instal\u00b7lacions compten amb m\u00e9s de 3.000 m2. Gran part d&#8217;aquestes les destinem a mantenir els estocs dels nostres clients i alhora us oferim el servei SS stock-service-Control, servei personalitzat i creat per controlar les comandes de cada client i fer previsions en cada cas<\/p>\t\t\t\t\t\t\t\t<\/div>\n\t\t\t\t<\/div>\n\t\t\t\t<div class=\"elementor-element elementor-element-7135b11f elementor-widget elementor-widget-text-editor\" data-id=\"7135b11f\" data-element_type=\"widget\" data-e-type=\"widget\" data-widget_type=\"text-editor.default\">\n\t\t\t\t<div class=\"elementor-widget-container\">\n\t\t\t\t\t\t\t\t\t<p style=\"text-align: center;\">Treballem cada dia per oferir-vos la millor soluci\u00f3 per empaquetar la vostra mercaderia.<\/p>\t\t\t\t\t\t\t\t<\/div>\n\t\t\t\t<\/div>\n\t\t\t\t<div class=\"elementor-element elementor-element-34839a97 elementor-widget elementor-widget-text-editor\" data-id=\"34839a97\" data-element_type=\"widget\" data-e-type=\"widget\" data-widget_type=\"text-editor.default\">\n\t\t\t\t<div class=\"elementor-widget-container\">\n\t\t\t\t\t\t\t\t\t<h1 style=\"text-align: center;\"><span style=\"color: #cccaca;\"><strong>YOU SELL WE PACK<\/strong><\/span><\/h1><p>\u00a0<\/p>\t\t\t\t\t\t\t\t<\/div>\n\t\t\t\t<\/div>\n\t\t\t\t\t<\/div>\n\t\t<\/div>\n\t\t\t\t\t<\/div>\n\t\t<\/section>\n\t\t\t\t<\/div>\n\t\t","protected":false},"excerpt":{"rendered":"<p>Home F2 Servid Referents al sector de l&#8217;envasat i embalatge de mercaderies https:\/\/youtu.be\/RQKZz0nuVjU M\u00e9s de 50 anys d&#8217;experi\u00e8ncia Refer\u00e8ncia en el m\u00f3n del packaging industrial Des de F2 Servid representem i distribu\u00efm les millors firmes nacionals i internacionals de productes per l&#8217;env\u00e0s i l&#8217;embalatge de mercaderies, tant pel magatzem com pel transport de les mateixes. [&hellip;]<\/p>\n","protected":false},"author":7,"featured_media":0,"parent":0,"menu_order":0,"comment_status":"closed","ping_status":"closed","template":"","meta":{"_acf_changed":false,"footnotes":""},"class_list":["post-2734","page","type-page","status-publish","hentry"],"acf":[],"yoast_head":"<!-- This site is optimized with the Yoast SEO plugin v27.3 - https:\/\/yoast.com\/product\/yoast-seo-wordpress\/ -->\n<title>\u25b7\u00a0F2 Servid - F2 SERVID<\/title>\n<meta name=\"description\" content=\"Referents del sector de l&#039;embalatge de mercaderies. M\u00e9s de 50 anys d\u2019experi\u00e8ncia. Refer\u00e8ncia al m\u00f3n dels envasos industrials. F2 Servid.\" \/>\n<meta name=\"robots\" content=\"index, follow, max-snippet:-1, max-image-preview:large, max-video-preview:-1\" \/>\n<link rel=\"canonical\" href=\"https:\/\/f2servid.com\/ca\/empresa\/\" \/>\n<meta property=\"og:locale\" content=\"ca_ES\" \/>\n<meta property=\"og:type\" content=\"article\" \/>\n<meta property=\"og:title\" content=\"\u25b7\u00a0F2 Servid - F2 SERVID\" \/>\n<meta property=\"og:description\" content=\"Referents del sector de l&#039;embalatge de mercaderies. M\u00e9s de 50 anys d\u2019experi\u00e8ncia. Refer\u00e8ncia al m\u00f3n dels envasos industrials. F2 Servid.\" \/>\n<meta property=\"og:url\" content=\"https:\/\/f2servid.com\/ca\/empresa\/\" \/>\n<meta property=\"og:site_name\" content=\"F2 SERVID\" \/>\n<meta property=\"article:modified_time\" content=\"2023-09-25T14:48:16+00:00\" \/>\n<meta name=\"twitter:card\" content=\"summary_large_image\" \/>\n<meta name=\"twitter:label1\" content=\"Temps estimat de lectura\" \/>\n\t<meta name=\"twitter:data1\" content=\"2 minuts\" \/>\n<script type=\"application\/ld+json\" class=\"yoast-schema-graph\">{\"@context\":\"https:\\\/\\\/schema.org\",\"@graph\":[{\"@type\":\"WebPage\",\"@id\":\"https:\\\/\\\/f2servid.com\\\/ca\\\/empresa\\\/\",\"url\":\"https:\\\/\\\/f2servid.com\\\/ca\\\/empresa\\\/\",\"name\":\"\u25b7\u00a0F2 Servid - F2 SERVID\",\"isPartOf\":{\"@id\":\"https:\\\/\\\/f2servid.com\\\/#website\"},\"datePublished\":\"2022-05-16T09:38:02+00:00\",\"dateModified\":\"2023-09-25T14:48:16+00:00\",\"description\":\"Referents del sector de l'embalatge de mercaderies. M\u00e9s de 50 anys d\u2019experi\u00e8ncia. Refer\u00e8ncia al m\u00f3n dels envasos industrials. F2 Servid.\",\"breadcrumb\":{\"@id\":\"https:\\\/\\\/f2servid.com\\\/ca\\\/empresa\\\/#breadcrumb\"},\"inLanguage\":\"ca\",\"potentialAction\":[{\"@type\":\"ReadAction\",\"target\":[\"https:\\\/\\\/f2servid.com\\\/ca\\\/empresa\\\/\"]}]},{\"@type\":\"BreadcrumbList\",\"@id\":\"https:\\\/\\\/f2servid.com\\\/ca\\\/empresa\\\/#breadcrumb\",\"itemListElement\":[{\"@type\":\"ListItem\",\"position\":1,\"name\":\"Portada\",\"item\":\"https:\\\/\\\/f2servid.com\\\/ca\\\/\"},{\"@type\":\"ListItem\",\"position\":2,\"name\":\"F2 Servid\"}]},{\"@type\":\"WebSite\",\"@id\":\"https:\\\/\\\/f2servid.com\\\/#website\",\"url\":\"https:\\\/\\\/f2servid.com\\\/\",\"name\":\"F2 SERVID\",\"description\":\"Safe industrial packaging\",\"potentialAction\":[{\"@type\":\"SearchAction\",\"target\":{\"@type\":\"EntryPoint\",\"urlTemplate\":\"https:\\\/\\\/f2servid.com\\\/?s={search_term_string}\"},\"query-input\":{\"@type\":\"PropertyValueSpecification\",\"valueRequired\":true,\"valueName\":\"search_term_string\"}}],\"inLanguage\":\"ca\"}]}<\/script>\n<!-- \/ Yoast SEO plugin. -->","yoast_head_json":{"title":"\u25b7\u00a0F2 Servid - F2 SERVID","description":"Referents del sector de l'embalatge de mercaderies. M\u00e9s de 50 anys d\u2019experi\u00e8ncia. Refer\u00e8ncia al m\u00f3n dels envasos industrials. F2 Servid.","robots":{"index":"index","follow":"follow","max-snippet":"max-snippet:-1","max-image-preview":"max-image-preview:large","max-video-preview":"max-video-preview:-1"},"canonical":"https:\/\/f2servid.com\/ca\/empresa\/","og_locale":"ca_ES","og_type":"article","og_title":"\u25b7\u00a0F2 Servid - F2 SERVID","og_description":"Referents del sector de l'embalatge de mercaderies. M\u00e9s de 50 anys d\u2019experi\u00e8ncia. Refer\u00e8ncia al m\u00f3n dels envasos industrials. F2 Servid.","og_url":"https:\/\/f2servid.com\/ca\/empresa\/","og_site_name":"F2 SERVID","article_modified_time":"2023-09-25T14:48:16+00:00","twitter_card":"summary_large_image","twitter_misc":{"Temps estimat de lectura":"2 minuts"},"schema":{"@context":"https:\/\/schema.org","@graph":[{"@type":"WebPage","@id":"https:\/\/f2servid.com\/ca\/empresa\/","url":"https:\/\/f2servid.com\/ca\/empresa\/","name":"\u25b7\u00a0F2 Servid - F2 SERVID","isPartOf":{"@id":"https:\/\/f2servid.com\/#website"},"datePublished":"2022-05-16T09:38:02+00:00","dateModified":"2023-09-25T14:48:16+00:00","description":"Referents del sector de l'embalatge de mercaderies. M\u00e9s de 50 anys d\u2019experi\u00e8ncia. Refer\u00e8ncia al m\u00f3n dels envasos industrials. F2 Servid.","breadcrumb":{"@id":"https:\/\/f2servid.com\/ca\/empresa\/#breadcrumb"},"inLanguage":"ca","potentialAction":[{"@type":"ReadAction","target":["https:\/\/f2servid.com\/ca\/empresa\/"]}]},{"@type":"BreadcrumbList","@id":"https:\/\/f2servid.com\/ca\/empresa\/#breadcrumb","itemListElement":[{"@type":"ListItem","position":1,"name":"Portada","item":"https:\/\/f2servid.com\/ca\/"},{"@type":"ListItem","position":2,"name":"F2 Servid"}]},{"@type":"WebSite","@id":"https:\/\/f2servid.com\/#website","url":"https:\/\/f2servid.com\/","name":"F2 SERVID","description":"Safe industrial packaging","potentialAction":[{"@type":"SearchAction","target":{"@type":"EntryPoint","urlTemplate":"https:\/\/f2servid.com\/?s={search_term_string}"},"query-input":{"@type":"PropertyValueSpecification","valueRequired":true,"valueName":"search_term_string"}}],"inLanguage":"ca"}]}},"_links":{"self":[{"href":"https:\/\/f2servid.com\/ca\/wp-json\/wp\/v2\/pages\/2734","targetHints":{"allow":["GET"]}}],"collection":[{"href":"https:\/\/f2servid.com\/ca\/wp-json\/wp\/v2\/pages"}],"about":[{"href":"https:\/\/f2servid.com\/ca\/wp-json\/wp\/v2\/types\/page"}],"author":[{"embeddable":true,"href":"https:\/\/f2servid.com\/ca\/wp-json\/wp\/v2\/users\/7"}],"replies":[{"embeddable":true,"href":"https:\/\/f2servid.com\/ca\/wp-json\/wp\/v2\/comments?post=2734"}],"version-history":[{"count":34,"href":"https:\/\/f2servid.com\/ca\/wp-json\/wp\/v2\/pages\/2734\/revisions"}],"predecessor-version":[{"id":6521,"href":"https:\/\/f2servid.com\/ca\/wp-json\/wp\/v2\/pages\/2734\/revisions\/6521"}],"wp:attachment":[{"href":"https:\/\/f2servid.com\/ca\/wp-json\/wp\/v2\/media?parent=2734"}],"curies":[{"name":"wp","href":"https:\/\/api.w.org\/{rel}","templated":true}]}}