{"id":2718,"date":"2022-05-17T15:14:32","date_gmt":"2022-05-17T15:14:32","guid":{"rendered":"https:\/\/f2servid.com\/bigpack-atmosphere\/"},"modified":"2026-05-12T14:37:24","modified_gmt":"2026-05-12T14:37:24","slug":"bigpack-atmosphere","status":"publish","type":"page","link":"https:\/\/f2servid.com\/ca\/bigpack-atmosphere\/","title":{"rendered":"Cal Victu"},"content":{"rendered":"\t\t<div data-elementor-type=\"wp-page\" data-elementor-id=\"2718\" class=\"elementor elementor-2718\">\n\t\t\t\t\t\t<section class=\"elementor-section elementor-top-section elementor-element elementor-element-21639f0 elementor-section-boxed elementor-section-height-default elementor-section-height-default\" data-id=\"21639f0\" data-element_type=\"section\" data-e-type=\"section\" data-settings=\"{&quot;background_background&quot;:&quot;classic&quot;}\">\n\t\t\t\t\t\t<div class=\"elementor-container elementor-column-gap-default\">\n\t\t\t\t\t<div class=\"elementor-column elementor-col-100 elementor-top-column elementor-element elementor-element-50e6d24b\" data-id=\"50e6d24b\" data-element_type=\"column\" data-e-type=\"column\">\n\t\t\t<div class=\"elementor-widget-wrap elementor-element-populated\">\n\t\t\t\t\t\t<div class=\"elementor-element elementor-element-7c31d117 elementor-widget elementor-widget-spacer\" data-id=\"7c31d117\" data-element_type=\"widget\" data-e-type=\"widget\" data-widget_type=\"spacer.default\">\n\t\t\t\t<div class=\"elementor-widget-container\">\n\t\t\t\t\t\t\t<div class=\"elementor-spacer\">\n\t\t\t<div class=\"elementor-spacer-inner\"><\/div>\n\t\t<\/div>\n\t\t\t\t\t\t<\/div>\n\t\t\t\t<\/div>\n\t\t\t\t<div class=\"elementor-element elementor-element-417f102f elementor-align-left elementor-widget elementor-widget-raven-breadcrumbs\" data-id=\"417f102f\" data-element_type=\"widget\" data-e-type=\"widget\" data-widget_type=\"raven-breadcrumbs.default\">\n\t\t\t\t<div class=\"elementor-widget-container\">\n\t\t\t\t\t<div class=\"raven-breadcrumbs raven-breadcrumbs-default\"><div class=\"breadcrumb\">\t\t\t\t\t\t\t\t<div class=\"breadcrumb-item active\" aria-current=\"page\"><span>Home<\/span><\/div>\n\n\t\t\t\t<\/div><\/div>\t\t\t\t<\/div>\n\t\t\t\t<\/div>\n\t\t\t\t<div class=\"elementor-element elementor-element-20d43a2e elementor-widget elementor-widget-text-editor\" data-id=\"20d43a2e\" data-element_type=\"widget\" data-e-type=\"widget\" data-widget_type=\"text-editor.default\">\n\t\t\t\t<div class=\"elementor-widget-container\">\n\t\t\t\t\t\t\t\t\t<p>Cal Victu<\/p>\t\t\t\t\t\t\t\t<\/div>\n\t\t\t\t<\/div>\n\t\t\t\t<div class=\"elementor-element elementor-element-131e6dab elementor-widget elementor-widget-spacer\" data-id=\"131e6dab\" data-element_type=\"widget\" data-e-type=\"widget\" data-widget_type=\"spacer.default\">\n\t\t\t\t<div class=\"elementor-widget-container\">\n\t\t\t\t\t\t\t<div class=\"elementor-spacer\">\n\t\t\t<div class=\"elementor-spacer-inner\"><\/div>\n\t\t<\/div>\n\t\t\t\t\t\t<\/div>\n\t\t\t\t<\/div>\n\t\t\t\t<div class=\"elementor-element elementor-element-3bc5e22c elementor-absolute elementor-widget__width-initial elementor-widget elementor-widget-image\" data-id=\"3bc5e22c\" data-element_type=\"widget\" data-e-type=\"widget\" data-settings=\"{&quot;_position&quot;:&quot;absolute&quot;}\" data-widget_type=\"image.default\">\n\t\t\t\t<div class=\"elementor-widget-container\">\n\t\t\t\t\t\t\t\t\t\t\t\t\t\t\t<img fetchpriority=\"high\" decoding=\"async\" width=\"866\" height=\"1086\" src=\"https:\/\/f2servid.com\/wp-content\/uploads\/2026\/05\/Logo-Cal-Victu.png\" class=\"attachment-full size-full wp-image-8043\" alt=\"\" srcset=\"https:\/\/f2servid.com\/wp-content\/uploads\/2026\/05\/Logo-Cal-Victu.png 866w, https:\/\/f2servid.com\/wp-content\/uploads\/2026\/05\/Logo-Cal-Victu-239x300.png 239w, https:\/\/f2servid.com\/wp-content\/uploads\/2026\/05\/Logo-Cal-Victu-817x1024.png 817w, https:\/\/f2servid.com\/wp-content\/uploads\/2026\/05\/Logo-Cal-Victu-768x963.png 768w\" sizes=\"(max-width: 866px) 100vw, 866px\" \/>\t\t\t\t\t\t\t\t\t\t\t\t\t\t\t<\/div>\n\t\t\t\t<\/div>\n\t\t\t\t\t<\/div>\n\t\t<\/div>\n\t\t\t\t\t<\/div>\n\t\t<\/section>\n\t\t\t\t<section class=\"elementor-section elementor-top-section elementor-element elementor-element-5fe12809 elementor-section-boxed elementor-section-height-default elementor-section-height-default\" data-id=\"5fe12809\" data-element_type=\"section\" data-e-type=\"section\" data-settings=\"{&quot;background_background&quot;:&quot;classic&quot;}\">\n\t\t\t\t\t\t<div class=\"elementor-container elementor-column-gap-default\">\n\t\t\t\t\t<div class=\"elementor-column elementor-col-100 elementor-top-column elementor-element elementor-element-123b5c86\" data-id=\"123b5c86\" data-element_type=\"column\" data-e-type=\"column\">\n\t\t\t<div class=\"elementor-widget-wrap elementor-element-populated\">\n\t\t\t\t\t\t<div class=\"elementor-element elementor-element-6a5e95e8 elementor-widget elementor-widget-spacer\" data-id=\"6a5e95e8\" data-element_type=\"widget\" data-e-type=\"widget\" data-widget_type=\"spacer.default\">\n\t\t\t\t<div class=\"elementor-widget-container\">\n\t\t\t\t\t\t\t<div class=\"elementor-spacer\">\n\t\t\t<div class=\"elementor-spacer-inner\"><\/div>\n\t\t<\/div>\n\t\t\t\t\t\t<\/div>\n\t\t\t\t<\/div>\n\t\t\t\t\t<\/div>\n\t\t<\/div>\n\t\t\t\t\t<\/div>\n\t\t<\/section>\n\t\t\t\t<section class=\"elementor-section elementor-top-section elementor-element elementor-element-30687560 titolpag elementor-section-boxed elementor-section-height-default elementor-section-height-default\" data-id=\"30687560\" data-element_type=\"section\" data-e-type=\"section\">\n\t\t\t\t\t\t<div class=\"elementor-container elementor-column-gap-default\">\n\t\t\t\t\t<div class=\"elementor-column elementor-col-100 elementor-top-column elementor-element elementor-element-24b0a9f5\" data-id=\"24b0a9f5\" data-element_type=\"column\" data-e-type=\"column\">\n\t\t\t<div class=\"elementor-widget-wrap elementor-element-populated\">\n\t\t\t\t\t\t<div class=\"elementor-element elementor-element-7d2e2bf3 elementor-widget elementor-widget-text-editor\" data-id=\"7d2e2bf3\" data-element_type=\"widget\" data-e-type=\"widget\" data-widget_type=\"text-editor.default\">\n\t\t\t\t<div class=\"elementor-widget-container\">\n\t\t\t\t\t\t\t\t\t<p>CAL VICTU<\/p>\t\t\t\t\t\t\t\t<\/div>\n\t\t\t\t<\/div>\n\t\t\t\t<div class=\"elementor-element elementor-element-6c2eedcb titolproducte elementor-widget elementor-widget-text-editor\" data-id=\"6c2eedcb\" data-element_type=\"widget\" data-e-type=\"widget\" data-widget_type=\"text-editor.default\">\n\t\t\t\t<div class=\"elementor-widget-container\">\n\t\t\t\t\t\t\t\t\t<p>Servei de log\u00edstica<\/p>\t\t\t\t\t\t\t\t<\/div>\n\t\t\t\t<\/div>\n\t\t\t\t\t<\/div>\n\t\t<\/div>\n\t\t\t\t\t<\/div>\n\t\t<\/section>\n\t\t\t\t<section class=\"elementor-section elementor-top-section elementor-element elementor-element-181491cf elementor-section-boxed elementor-section-height-default elementor-section-height-default\" data-id=\"181491cf\" data-element_type=\"section\" data-e-type=\"section\" data-settings=\"{&quot;background_background&quot;:&quot;classic&quot;}\">\n\t\t\t\t\t\t<div class=\"elementor-container elementor-column-gap-default\">\n\t\t\t\t\t<div class=\"elementor-column elementor-col-100 elementor-top-column elementor-element elementor-element-6d85361a\" data-id=\"6d85361a\" data-element_type=\"column\" data-e-type=\"column\">\n\t\t\t<div class=\"elementor-widget-wrap elementor-element-populated\">\n\t\t\t\t\t\t<div class=\"elementor-element elementor-element-6113aa5a elementor-hidden-mobile elementor-widget elementor-widget-spacer\" data-id=\"6113aa5a\" data-element_type=\"widget\" data-e-type=\"widget\" data-widget_type=\"spacer.default\">\n\t\t\t\t<div class=\"elementor-widget-container\">\n\t\t\t\t\t\t\t<div class=\"elementor-spacer\">\n\t\t\t<div class=\"elementor-spacer-inner\"><\/div>\n\t\t<\/div>\n\t\t\t\t\t\t<\/div>\n\t\t\t\t<\/div>\n\t\t\t\t<div class=\"elementor-element elementor-element-cdf9832 paginadetall elementor-widget elementor-widget-text-editor\" data-id=\"cdf9832\" data-element_type=\"widget\" data-e-type=\"widget\" data-widget_type=\"text-editor.default\">\n\t\t\t\t<div class=\"elementor-widget-container\">\n\t\t\t\t\t\t\t\t\t<h1>Servei d&#8217;emmagatzematge i preparaci\u00f3 de comandes<\/h1>\t\t\t\t\t\t\t\t<\/div>\n\t\t\t\t<\/div>\n\t\t\t\t<div class=\"elementor-element elementor-element-42cff7bd paginadetall elementor-widget elementor-widget-text-editor\" data-id=\"42cff7bd\" data-element_type=\"widget\" data-e-type=\"widget\" data-widget_type=\"text-editor.default\">\n\t\t\t\t<div class=\"elementor-widget-container\">\n\t\t\t\t\t\t\t\t\t<p>Una soluci\u00f3 pensada per empreses que necessiten externalitzar la gesti\u00f3 del magatzem<\/p>\t\t\t\t\t\t\t\t<\/div>\n\t\t\t\t<\/div>\n\t\t\t\t<section class=\"elementor-section elementor-inner-section elementor-element elementor-element-536bb485 elementor-section-boxed elementor-section-height-default elementor-section-height-default\" data-id=\"536bb485\" data-element_type=\"section\" data-e-type=\"section\">\n\t\t\t\t\t\t<div class=\"elementor-container elementor-column-gap-default\">\n\t\t\t\t\t<div class=\"elementor-column elementor-col-50 elementor-inner-column elementor-element elementor-element-16c18556\" data-id=\"16c18556\" data-element_type=\"column\" data-e-type=\"column\">\n\t\t\t<div class=\"elementor-widget-wrap elementor-element-populated\">\n\t\t\t\t\t\t<div class=\"elementor-element elementor-element-10ca399f elementor-widget elementor-widget-text-editor\" data-id=\"10ca399f\" data-element_type=\"widget\" data-e-type=\"widget\" data-widget_type=\"text-editor.default\">\n\t\t\t\t<div class=\"elementor-widget-container\">\n\t\t\t\t\t\t\t\t\t<p>Qu\u00e8 inclou?<\/p>\t\t\t\t\t\t\t\t<\/div>\n\t\t\t\t<\/div>\n\t\t\t\t<div class=\"elementor-element elementor-element-4735e1d6 elementor-widget elementor-widget-text-editor\" data-id=\"4735e1d6\" data-element_type=\"widget\" data-e-type=\"widget\" data-widget_type=\"text-editor.default\">\n\t\t\t\t<div class=\"elementor-widget-container\">\n\t\t\t\t\t\t\t\t\t<p>Recepci\u00f3 de la mercaderia<\/p><p>Emmagatzematge i organitzaci\u00f3 d&#8217;stock.\u00a0<\/p><p>Control d&#8217;inventari<\/p><p>Preparaci\u00f3 de comandes<\/p>\t\t\t\t\t\t\t\t<\/div>\n\t\t\t\t<\/div>\n\t\t\t\t\t<\/div>\n\t\t<\/div>\n\t\t\t\t<div class=\"elementor-column elementor-col-50 elementor-inner-column elementor-element elementor-element-67941ad4\" data-id=\"67941ad4\" data-element_type=\"column\" data-e-type=\"column\">\n\t\t\t<div class=\"elementor-widget-wrap elementor-element-populated\">\n\t\t\t\t\t\t<div class=\"elementor-element elementor-element-333517f elementor-widget elementor-widget-text-editor\" data-id=\"333517f\" data-element_type=\"widget\" data-e-type=\"widget\" data-widget_type=\"text-editor.default\">\n\t\t\t\t<div class=\"elementor-widget-container\">\n\t\t\t\t\t\t\t\t\t<p>Avantatges<\/p>\t\t\t\t\t\t\t\t<\/div>\n\t\t\t\t<\/div>\n\t\t\t\t<div class=\"elementor-element elementor-element-837d604 elementor-widget elementor-widget-text-editor\" data-id=\"837d604\" data-element_type=\"widget\" data-e-type=\"widget\" data-widget_type=\"text-editor.default\">\n\t\t\t\t<div class=\"elementor-widget-container\">\n\t\t\t\t\t\t\t\t\t<p class=\"p2\">Reducci\u00f3 de costos operatius<\/p><p class=\"p2\">Major control d&#8217;inventari<\/p><p class=\"p2\">Servei adaptable i escalable<\/p>\t\t\t\t\t\t\t\t<\/div>\n\t\t\t\t<\/div>\n\t\t\t\t\t<\/div>\n\t\t<\/div>\n\t\t\t\t\t<\/div>\n\t\t<\/section>\n\t\t\t\t\t<\/div>\n\t\t<\/div>\n\t\t\t\t\t<\/div>\n\t\t<\/section>\n\t\t\t\t<section class=\"elementor-section elementor-top-section elementor-element elementor-element-35edf3f5 elementor-section-boxed elementor-section-height-default elementor-section-height-default\" data-id=\"35edf3f5\" data-element_type=\"section\" data-e-type=\"section\">\n\t\t\t\t\t\t<div class=\"elementor-container elementor-column-gap-default\">\n\t\t\t\t\t<div class=\"elementor-column elementor-col-100 elementor-top-column elementor-element elementor-element-20928f3\" data-id=\"20928f3\" data-element_type=\"column\" data-e-type=\"column\">\n\t\t\t<div class=\"elementor-widget-wrap elementor-element-populated\">\n\t\t\t\t\t\t<div class=\"elementor-element elementor-element-3be1b3f elementor-arrows-position-inside elementor-pagination-position-outside elementor-widget elementor-widget-image-carousel\" data-id=\"3be1b3f\" data-element_type=\"widget\" data-e-type=\"widget\" data-settings=\"{&quot;slides_to_show&quot;:&quot;2&quot;,&quot;navigation&quot;:&quot;both&quot;,&quot;autoplay&quot;:&quot;yes&quot;,&quot;pause_on_hover&quot;:&quot;yes&quot;,&quot;pause_on_interaction&quot;:&quot;yes&quot;,&quot;autoplay_speed&quot;:5000,&quot;infinite&quot;:&quot;yes&quot;,&quot;speed&quot;:500}\" data-widget_type=\"image-carousel.default\">\n\t\t\t\t<div class=\"elementor-widget-container\">\n\t\t\t\t\t\t\t<div class=\"elementor-image-carousel-wrapper swiper\" role=\"region\" aria-roledescription=\"carousel\" aria-label=\"Carrusel de im\u00e1genes\" dir=\"ltr\">\n\t\t\t<div class=\"elementor-image-carousel swiper-wrapper\" aria-live=\"off\">\n\t\t\t\t\t\t\t\t<div class=\"swiper-slide\" role=\"group\" aria-roledescription=\"slide\" aria-label=\"1 de 6\"><figure class=\"swiper-slide-inner\"><img decoding=\"async\" class=\"swiper-slide-image\" src=\"https:\/\/f2servid.com\/wp-content\/uploads\/2026\/05\/P1099239_B-1024x768.jpg\" alt=\"P1099239_B\" \/><\/figure><\/div><div class=\"swiper-slide\" role=\"group\" aria-roledescription=\"slide\" aria-label=\"2 de 6\"><figure class=\"swiper-slide-inner\"><img decoding=\"async\" class=\"swiper-slide-image\" src=\"https:\/\/f2servid.com\/wp-content\/uploads\/2026\/05\/P1099241_B-1024x768.jpg\" alt=\"P1099241_B\" \/><\/figure><\/div><div class=\"swiper-slide\" role=\"group\" aria-roledescription=\"slide\" aria-label=\"3 de 6\"><figure class=\"swiper-slide-inner\"><img decoding=\"async\" class=\"swiper-slide-image\" src=\"https:\/\/f2servid.com\/wp-content\/uploads\/2026\/05\/P1099261_B-1-1024x768.jpg\" alt=\"P1099261_B\" \/><\/figure><\/div><div class=\"swiper-slide\" role=\"group\" aria-roledescription=\"slide\" aria-label=\"4 de 6\"><figure class=\"swiper-slide-inner\"><img decoding=\"async\" class=\"swiper-slide-image\" src=\"https:\/\/f2servid.com\/wp-content\/uploads\/2026\/05\/P1099286_b-1024x768.jpg\" alt=\"P1099286_b\" \/><\/figure><\/div><div class=\"swiper-slide\" role=\"group\" aria-roledescription=\"slide\" aria-label=\"5 de 6\"><figure class=\"swiper-slide-inner\"><img decoding=\"async\" class=\"swiper-slide-image\" src=\"https:\/\/f2servid.com\/wp-content\/uploads\/2026\/05\/P1099275_B-1024x768.jpg\" alt=\"P1099275_B\" \/><\/figure><\/div><div class=\"swiper-slide\" role=\"group\" aria-roledescription=\"slide\" aria-label=\"6 de 6\"><figure class=\"swiper-slide-inner\"><img decoding=\"async\" class=\"swiper-slide-image\" src=\"https:\/\/f2servid.com\/wp-content\/uploads\/2026\/05\/P1099278_B-1024x768.jpg\" alt=\"P1099278_B\" \/><\/figure><\/div>\t\t\t<\/div>\n\t\t\t\t\t\t\t\t\t\t\t\t<div class=\"elementor-swiper-button elementor-swiper-button-prev\" role=\"button\" tabindex=\"0\">\n\t\t\t\t\t\t<i aria-hidden=\"true\" class=\"eicon-chevron-left\"><\/i>\t\t\t\t\t<\/div>\n\t\t\t\t\t<div class=\"elementor-swiper-button elementor-swiper-button-next\" role=\"button\" tabindex=\"0\">\n\t\t\t\t\t\t<i aria-hidden=\"true\" class=\"eicon-chevron-right\"><\/i>\t\t\t\t\t<\/div>\n\t\t\t\t\n\t\t\t\t\t\t\t\t\t<div class=\"swiper-pagination\"><\/div>\n\t\t\t\t\t\t\t\t\t<\/div>\n\t\t\t\t\t\t<\/div>\n\t\t\t\t<\/div>\n\t\t\t\t<div class=\"elementor-element elementor-element-9a50fbb elementor-widget elementor-widget-video\" data-id=\"9a50fbb\" data-element_type=\"widget\" data-e-type=\"widget\" data-settings=\"{&quot;youtube_url&quot;:&quot;https:\\\/\\\/youtu.be\\\/FmkmdXDTLRM&quot;,&quot;video_type&quot;:&quot;youtube&quot;,&quot;controls&quot;:&quot;yes&quot;}\" data-widget_type=\"video.default\">\n\t\t\t\t<div class=\"elementor-widget-container\">\n\t\t\t\t\t\t\t<div class=\"elementor-wrapper elementor-open-inline\">\n\t\t\t<div class=\"elementor-video\"><\/div>\t\t<\/div>\n\t\t\t\t\t\t<\/div>\n\t\t\t\t<\/div>\n\t\t\t\t<div class=\"elementor-element elementor-element-65c218c5 elementor-widget elementor-widget-spacer\" data-id=\"65c218c5\" data-element_type=\"widget\" data-e-type=\"widget\" data-widget_type=\"spacer.default\">\n\t\t\t\t<div class=\"elementor-widget-container\">\n\t\t\t\t\t\t\t<div class=\"elementor-spacer\">\n\t\t\t<div class=\"elementor-spacer-inner\"><\/div>\n\t\t<\/div>\n\t\t\t\t\t\t<\/div>\n\t\t\t\t<\/div>\n\t\t\t\t\t<\/div>\n\t\t<\/div>\n\t\t\t\t\t<\/div>\n\t\t<\/section>\n\t\t\t\t<section class=\"elementor-section elementor-top-section elementor-element elementor-element-56e67596 elementor-section-boxed elementor-section-height-default elementor-section-height-default\" data-id=\"56e67596\" data-element_type=\"section\" data-e-type=\"section\">\n\t\t\t\t\t\t<div class=\"elementor-container elementor-column-gap-default\">\n\t\t\t\t\t<div class=\"elementor-column elementor-col-100 elementor-top-column elementor-element elementor-element-61ea0275\" data-id=\"61ea0275\" data-element_type=\"column\" data-e-type=\"column\">\n\t\t\t<div class=\"elementor-widget-wrap elementor-element-populated\">\n\t\t\t\t\t\t<div class=\"elementor-element elementor-element-133c174e elementor-align-center elementor-widget elementor-widget-button\" data-id=\"133c174e\" data-element_type=\"widget\" data-e-type=\"widget\" data-widget_type=\"button.default\">\n\t\t\t\t<div class=\"elementor-widget-container\">\n\t\t\t\t\t\t\t\t\t<div class=\"elementor-button-wrapper\">\n\t\t\t\t\t<a class=\"elementor-button elementor-button-link elementor-size-sm\" href=\"https:\/\/f2servid.com\/contacte\/\" target=\"_blank\">\n\t\t\t\t\t\t<span class=\"elementor-button-content-wrapper\">\n\t\t\t\t\t\t\t\t\t<span class=\"elementor-button-text\">Contacta per a m\u00e9s informaci\u00f3<\/span>\n\t\t\t\t\t<\/span>\n\t\t\t\t\t<\/a>\n\t\t\t\t<\/div>\n\t\t\t\t\t\t\t\t<\/div>\n\t\t\t\t<\/div>\n\t\t\t\t<div class=\"elementor-element elementor-element-5327c5a elementor-widget elementor-widget-spacer\" data-id=\"5327c5a\" data-element_type=\"widget\" data-e-type=\"widget\" data-widget_type=\"spacer.default\">\n\t\t\t\t<div class=\"elementor-widget-container\">\n\t\t\t\t\t\t\t<div class=\"elementor-spacer\">\n\t\t\t<div class=\"elementor-spacer-inner\"><\/div>\n\t\t<\/div>\n\t\t\t\t\t\t<\/div>\n\t\t\t\t<\/div>\n\t\t\t\t\t<\/div>\n\t\t<\/div>\n\t\t\t\t\t<\/div>\n\t\t<\/section>\n\t\t\t\t<\/div>\n\t\t","protected":false},"excerpt":{"rendered":"<p>Home Cal Victu CAL VICTU Servei de log\u00edstica Servei d&#8217;emmagatzematge i preparaci\u00f3 de comandes Una soluci\u00f3 pensada per empreses que necessiten externalitzar la gesti\u00f3 del magatzem Qu\u00e8 inclou? Recepci\u00f3 de la mercaderia Emmagatzematge i organitzaci\u00f3 d&#8217;stock.\u00a0 Control d&#8217;inventari Preparaci\u00f3 de comandes Avantatges Reducci\u00f3 de costos operatius Major control d&#8217;inventari Servei adaptable i escalable Contacta per [&hellip;]<\/p>\n","protected":false},"author":7,"featured_media":0,"parent":0,"menu_order":0,"comment_status":"closed","ping_status":"closed","template":"","meta":{"_acf_changed":false,"footnotes":""},"class_list":["post-2718","page","type-page","status-publish","hentry"],"acf":[],"yoast_head":"<!-- This site is optimized with the Yoast SEO plugin v27.5 - https:\/\/yoast.com\/product\/yoast-seo-wordpress\/ -->\n<title>\u25b7\u00a0BigPack Atmosphere | Atmosfera modificada | F2 SERVID<\/title>\n<meta name=\"description\" content=\"Controleu el desenvolupament de microorganismes a la vostra mercaderia en una atmosfera modificada. Adequat per emmagatzemar productes alimentaris.\" \/>\n<meta name=\"robots\" content=\"index, follow, max-snippet:-1, max-image-preview:large, max-video-preview:-1\" \/>\n<link rel=\"canonical\" href=\"https:\/\/f2servid.com\/ca\/bigpack-atmosphere\/\" \/>\n<meta property=\"og:locale\" content=\"ca_ES\" \/>\n<meta property=\"og:type\" content=\"article\" \/>\n<meta property=\"og:title\" content=\"\u25b7\u00a0BigPack Atmosphere | Atmosfera modificada | F2 SERVID\" \/>\n<meta property=\"og:description\" content=\"Controleu el desenvolupament de microorganismes a la vostra mercaderia en una atmosfera modificada. Adequat per emmagatzemar productes alimentaris.\" \/>\n<meta property=\"og:url\" content=\"https:\/\/f2servid.com\/ca\/bigpack-atmosphere\/\" \/>\n<meta property=\"og:site_name\" content=\"F2 SERVID\" \/>\n<meta property=\"article:modified_time\" content=\"2026-05-12T14:37:24+00:00\" \/>\n<meta property=\"og:image\" content=\"https:\/\/f2servid.com\/wp-content\/uploads\/2026\/05\/Logo-Cal-Victu.png\" \/>\n\t<meta property=\"og:image:width\" content=\"866\" \/>\n\t<meta property=\"og:image:height\" content=\"1086\" \/>\n\t<meta property=\"og:image:type\" content=\"image\/png\" \/>\n<meta name=\"twitter:card\" content=\"summary_large_image\" \/>\n<meta name=\"twitter:label1\" content=\"Temps estimat de lectura\" \/>\n\t<meta name=\"twitter:data1\" content=\"3 minuts\" \/>\n<script type=\"application\/ld+json\" class=\"yoast-schema-graph\">{\"@context\":\"https:\\\/\\\/schema.org\",\"@graph\":[{\"@type\":\"WebPage\",\"@id\":\"https:\\\/\\\/f2servid.com\\\/ca\\\/bigpack-atmosphere\\\/\",\"url\":\"https:\\\/\\\/f2servid.com\\\/ca\\\/bigpack-atmosphere\\\/\",\"name\":\"\u25b7\u00a0BigPack Atmosphere | Atmosfera modificada | F2 SERVID\",\"isPartOf\":{\"@id\":\"https:\\\/\\\/f2servid.com\\\/#website\"},\"primaryImageOfPage\":{\"@id\":\"https:\\\/\\\/f2servid.com\\\/ca\\\/bigpack-atmosphere\\\/#primaryimage\"},\"image\":{\"@id\":\"https:\\\/\\\/f2servid.com\\\/ca\\\/bigpack-atmosphere\\\/#primaryimage\"},\"thumbnailUrl\":\"https:\\\/\\\/f2servid.com\\\/wp-content\\\/uploads\\\/2026\\\/05\\\/Logo-Cal-Victu.png\",\"datePublished\":\"2022-05-17T15:14:32+00:00\",\"dateModified\":\"2026-05-12T14:37:24+00:00\",\"description\":\"Controleu el desenvolupament de microorganismes a la vostra mercaderia en una atmosfera modificada. Adequat per emmagatzemar productes alimentaris.\",\"breadcrumb\":{\"@id\":\"https:\\\/\\\/f2servid.com\\\/ca\\\/bigpack-atmosphere\\\/#breadcrumb\"},\"inLanguage\":\"ca\",\"potentialAction\":[{\"@type\":\"ReadAction\",\"target\":[\"https:\\\/\\\/f2servid.com\\\/ca\\\/bigpack-atmosphere\\\/\"]}]},{\"@type\":\"ImageObject\",\"inLanguage\":\"ca\",\"@id\":\"https:\\\/\\\/f2servid.com\\\/ca\\\/bigpack-atmosphere\\\/#primaryimage\",\"url\":\"https:\\\/\\\/f2servid.com\\\/wp-content\\\/uploads\\\/2026\\\/05\\\/Logo-Cal-Victu.png\",\"contentUrl\":\"https:\\\/\\\/f2servid.com\\\/wp-content\\\/uploads\\\/2026\\\/05\\\/Logo-Cal-Victu.png\"},{\"@type\":\"BreadcrumbList\",\"@id\":\"https:\\\/\\\/f2servid.com\\\/ca\\\/bigpack-atmosphere\\\/#breadcrumb\",\"itemListElement\":[{\"@type\":\"ListItem\",\"position\":1,\"name\":\"Portada\",\"item\":\"https:\\\/\\\/f2servid.com\\\/ca\\\/\"},{\"@type\":\"ListItem\",\"position\":2,\"name\":\"Cal Victu\"}]},{\"@type\":\"WebSite\",\"@id\":\"https:\\\/\\\/f2servid.com\\\/#website\",\"url\":\"https:\\\/\\\/f2servid.com\\\/\",\"name\":\"F2 SERVID\",\"description\":\"Safe industrial packaging\",\"potentialAction\":[{\"@type\":\"SearchAction\",\"target\":{\"@type\":\"EntryPoint\",\"urlTemplate\":\"https:\\\/\\\/f2servid.com\\\/?s={search_term_string}\"},\"query-input\":{\"@type\":\"PropertyValueSpecification\",\"valueRequired\":true,\"valueName\":\"search_term_string\"}}],\"inLanguage\":\"ca\"}]}<\/script>\n<!-- \/ Yoast SEO plugin. -->","yoast_head_json":{"title":"\u25b7\u00a0BigPack Atmosphere | Atmosfera modificada | F2 SERVID","description":"Controleu el desenvolupament de microorganismes a la vostra mercaderia en una atmosfera modificada. Adequat per emmagatzemar productes alimentaris.","robots":{"index":"index","follow":"follow","max-snippet":"max-snippet:-1","max-image-preview":"max-image-preview:large","max-video-preview":"max-video-preview:-1"},"canonical":"https:\/\/f2servid.com\/ca\/bigpack-atmosphere\/","og_locale":"ca_ES","og_type":"article","og_title":"\u25b7\u00a0BigPack Atmosphere | Atmosfera modificada | F2 SERVID","og_description":"Controleu el desenvolupament de microorganismes a la vostra mercaderia en una atmosfera modificada. Adequat per emmagatzemar productes alimentaris.","og_url":"https:\/\/f2servid.com\/ca\/bigpack-atmosphere\/","og_site_name":"F2 SERVID","article_modified_time":"2026-05-12T14:37:24+00:00","og_image":[{"width":866,"height":1086,"url":"https:\/\/f2servid.com\/wp-content\/uploads\/2026\/05\/Logo-Cal-Victu.png","type":"image\/png"}],"twitter_card":"summary_large_image","twitter_misc":{"Temps estimat de lectura":"3 minuts"},"schema":{"@context":"https:\/\/schema.org","@graph":[{"@type":"WebPage","@id":"https:\/\/f2servid.com\/ca\/bigpack-atmosphere\/","url":"https:\/\/f2servid.com\/ca\/bigpack-atmosphere\/","name":"\u25b7\u00a0BigPack Atmosphere | Atmosfera modificada | F2 SERVID","isPartOf":{"@id":"https:\/\/f2servid.com\/#website"},"primaryImageOfPage":{"@id":"https:\/\/f2servid.com\/ca\/bigpack-atmosphere\/#primaryimage"},"image":{"@id":"https:\/\/f2servid.com\/ca\/bigpack-atmosphere\/#primaryimage"},"thumbnailUrl":"https:\/\/f2servid.com\/wp-content\/uploads\/2026\/05\/Logo-Cal-Victu.png","datePublished":"2022-05-17T15:14:32+00:00","dateModified":"2026-05-12T14:37:24+00:00","description":"Controleu el desenvolupament de microorganismes a la vostra mercaderia en una atmosfera modificada. Adequat per emmagatzemar productes alimentaris.","breadcrumb":{"@id":"https:\/\/f2servid.com\/ca\/bigpack-atmosphere\/#breadcrumb"},"inLanguage":"ca","potentialAction":[{"@type":"ReadAction","target":["https:\/\/f2servid.com\/ca\/bigpack-atmosphere\/"]}]},{"@type":"ImageObject","inLanguage":"ca","@id":"https:\/\/f2servid.com\/ca\/bigpack-atmosphere\/#primaryimage","url":"https:\/\/f2servid.com\/wp-content\/uploads\/2026\/05\/Logo-Cal-Victu.png","contentUrl":"https:\/\/f2servid.com\/wp-content\/uploads\/2026\/05\/Logo-Cal-Victu.png"},{"@type":"BreadcrumbList","@id":"https:\/\/f2servid.com\/ca\/bigpack-atmosphere\/#breadcrumb","itemListElement":[{"@type":"ListItem","position":1,"name":"Portada","item":"https:\/\/f2servid.com\/ca\/"},{"@type":"ListItem","position":2,"name":"Cal Victu"}]},{"@type":"WebSite","@id":"https:\/\/f2servid.com\/#website","url":"https:\/\/f2servid.com\/","name":"F2 SERVID","description":"Safe industrial packaging","potentialAction":[{"@type":"SearchAction","target":{"@type":"EntryPoint","urlTemplate":"https:\/\/f2servid.com\/?s={search_term_string}"},"query-input":{"@type":"PropertyValueSpecification","valueRequired":true,"valueName":"search_term_string"}}],"inLanguage":"ca"}]}},"_links":{"self":[{"href":"https:\/\/f2servid.com\/ca\/wp-json\/wp\/v2\/pages\/2718","targetHints":{"allow":["GET"]}}],"collection":[{"href":"https:\/\/f2servid.com\/ca\/wp-json\/wp\/v2\/pages"}],"about":[{"href":"https:\/\/f2servid.com\/ca\/wp-json\/wp\/v2\/types\/page"}],"author":[{"embeddable":true,"href":"https:\/\/f2servid.com\/ca\/wp-json\/wp\/v2\/users\/7"}],"replies":[{"embeddable":true,"href":"https:\/\/f2servid.com\/ca\/wp-json\/wp\/v2\/comments?post=2718"}],"version-history":[{"count":45,"href":"https:\/\/f2servid.com\/ca\/wp-json\/wp\/v2\/pages\/2718\/revisions"}],"predecessor-version":[{"id":8143,"href":"https:\/\/f2servid.com\/ca\/wp-json\/wp\/v2\/pages\/2718\/revisions\/8143"}],"wp:attachment":[{"href":"https:\/\/f2servid.com\/ca\/wp-json\/wp\/v2\/media?parent=2718"}],"curies":[{"name":"wp","href":"https:\/\/api.w.org\/{rel}","templated":true}]}}