{"id":2704,"date":"2022-05-16T15:16:47","date_gmt":"2022-05-16T15:16:47","guid":{"rendered":"https:\/\/f2servid.com\/bigpack\/bigpack-ecogreen\/"},"modified":"2022-05-23T14:16:37","modified_gmt":"2022-05-23T14:16:37","slug":"bigpack-ecogreen","status":"publish","type":"page","link":"https:\/\/f2servid.com\/ca\/bigbag\/bigpack-ecogreen\/","title":{"rendered":"BigPack Ecogreen"},"content":{"rendered":"\t\t<div data-elementor-type=\"wp-page\" data-elementor-id=\"2704\" class=\"elementor elementor-2704\">\n\t\t\t\t\t\t<section class=\"elementor-section elementor-top-section elementor-element elementor-element-4e896c61 elementor-section-boxed elementor-section-height-default elementor-section-height-default\" data-id=\"4e896c61\" data-element_type=\"section\" data-e-type=\"section\" data-settings=\"{&quot;background_background&quot;:&quot;classic&quot;}\">\n\t\t\t\t\t\t<div class=\"elementor-container elementor-column-gap-default\">\n\t\t\t\t\t<div class=\"elementor-column elementor-col-100 elementor-top-column elementor-element elementor-element-7a31ddf\" data-id=\"7a31ddf\" data-element_type=\"column\" data-e-type=\"column\">\n\t\t\t<div class=\"elementor-widget-wrap elementor-element-populated\">\n\t\t\t\t\t\t<div class=\"elementor-element elementor-element-ffa83c9 elementor-widget elementor-widget-spacer\" data-id=\"ffa83c9\" data-element_type=\"widget\" data-e-type=\"widget\" data-widget_type=\"spacer.default\">\n\t\t\t\t<div class=\"elementor-widget-container\">\n\t\t\t\t\t\t\t<div class=\"elementor-spacer\">\n\t\t\t<div class=\"elementor-spacer-inner\"><\/div>\n\t\t<\/div>\n\t\t\t\t\t\t<\/div>\n\t\t\t\t<\/div>\n\t\t\t\t<div class=\"elementor-element elementor-element-2ae030d9 elementor-align-left elementor-widget elementor-widget-raven-breadcrumbs\" data-id=\"2ae030d9\" data-element_type=\"widget\" data-e-type=\"widget\" data-widget_type=\"raven-breadcrumbs.default\">\n\t\t\t\t<div class=\"elementor-widget-container\">\n\t\t\t\t\t<div class=\"raven-breadcrumbs raven-breadcrumbs-default\"><div class=\"breadcrumb\">\t\t\t\t<div class=\"breadcrumb-item active\" aria-current=\"page\"><span>Home<\/span><\/div>\n\n\t\t\t\t<\/div><\/div>\t\t\t\t<\/div>\n\t\t\t\t<\/div>\n\t\t\t\t<div class=\"elementor-element elementor-element-1e8c8ab5 elementor-widget elementor-widget-text-editor\" data-id=\"1e8c8ab5\" data-element_type=\"widget\" data-e-type=\"widget\" data-widget_type=\"text-editor.default\">\n\t\t\t\t<div class=\"elementor-widget-container\">\n\t\t\t\t\t\t\t\t\tBigPack\t\t\t\t\t\t\t\t<\/div>\n\t\t\t\t<\/div>\n\t\t\t\t<div class=\"elementor-element elementor-element-201e6978 elementor-widget elementor-widget-spacer\" data-id=\"201e6978\" data-element_type=\"widget\" data-e-type=\"widget\" data-widget_type=\"spacer.default\">\n\t\t\t\t<div class=\"elementor-widget-container\">\n\t\t\t\t\t\t\t<div class=\"elementor-spacer\">\n\t\t\t<div class=\"elementor-spacer-inner\"><\/div>\n\t\t<\/div>\n\t\t\t\t\t\t<\/div>\n\t\t\t\t<\/div>\n\t\t\t\t<div class=\"elementor-element elementor-element-4d842a71 elementor-absolute elementor-widget elementor-widget-image\" data-id=\"4d842a71\" data-element_type=\"widget\" data-e-type=\"widget\" data-settings=\"{&quot;_position&quot;:&quot;absolute&quot;}\" data-widget_type=\"image.default\">\n\t\t\t\t<div class=\"elementor-widget-container\">\n\t\t\t\t\t\t\t\t\t\t\t\t\t\t\t<img decoding=\"async\" src=\"https:\/\/f2servid.com\/wp-content\/uploads\/2022\/05\/bigpack-green.png\" title=\"bigpack-green\" alt=\"bigpack-green\" loading=\"lazy\" \/>\t\t\t\t\t\t\t\t\t\t\t\t\t\t\t<\/div>\n\t\t\t\t<\/div>\n\t\t\t\t\t<\/div>\n\t\t<\/div>\n\t\t\t\t\t<\/div>\n\t\t<\/section>\n\t\t\t\t<section class=\"elementor-section elementor-top-section elementor-element elementor-element-6c137107 elementor-section-boxed elementor-section-height-default elementor-section-height-default\" data-id=\"6c137107\" data-element_type=\"section\" data-e-type=\"section\" data-settings=\"{&quot;background_background&quot;:&quot;classic&quot;}\">\n\t\t\t\t\t\t<div class=\"elementor-container elementor-column-gap-default\">\n\t\t\t\t\t<div class=\"elementor-column elementor-col-100 elementor-top-column elementor-element elementor-element-334cb880\" data-id=\"334cb880\" data-element_type=\"column\" data-e-type=\"column\">\n\t\t\t<div class=\"elementor-widget-wrap elementor-element-populated\">\n\t\t\t\t\t\t<div class=\"elementor-element elementor-element-354aa79 elementor-widget elementor-widget-spacer\" data-id=\"354aa79\" data-element_type=\"widget\" data-e-type=\"widget\" data-widget_type=\"spacer.default\">\n\t\t\t\t<div class=\"elementor-widget-container\">\n\t\t\t\t\t\t\t<div class=\"elementor-spacer\">\n\t\t\t<div class=\"elementor-spacer-inner\"><\/div>\n\t\t<\/div>\n\t\t\t\t\t\t<\/div>\n\t\t\t\t<\/div>\n\t\t\t\t\t<\/div>\n\t\t<\/div>\n\t\t\t\t\t<\/div>\n\t\t<\/section>\n\t\t\t\t<section class=\"elementor-section elementor-top-section elementor-element elementor-element-3efb236 titolpag elementor-section-boxed elementor-section-height-default elementor-section-height-default\" data-id=\"3efb236\" data-element_type=\"section\" data-e-type=\"section\">\n\t\t\t\t\t\t<div class=\"elementor-container elementor-column-gap-default\">\n\t\t\t\t\t<div class=\"elementor-column elementor-col-100 elementor-top-column elementor-element elementor-element-480363cd\" data-id=\"480363cd\" data-element_type=\"column\" data-e-type=\"column\">\n\t\t\t<div class=\"elementor-widget-wrap elementor-element-populated\">\n\t\t\t\t\t\t<div class=\"elementor-element elementor-element-341588ee elementor-widget elementor-widget-text-editor\" data-id=\"341588ee\" data-element_type=\"widget\" data-e-type=\"widget\" data-widget_type=\"text-editor.default\">\n\t\t\t\t<div class=\"elementor-widget-container\">\n\t\t\t\t\t\t\t\t\tBIG BAGS\t\t\t\t\t\t\t\t<\/div>\n\t\t\t\t<\/div>\n\t\t\t\t<div class=\"elementor-element elementor-element-5064037b titolproducte elementor-widget elementor-widget-text-editor\" data-id=\"5064037b\" data-element_type=\"widget\" data-e-type=\"widget\" data-widget_type=\"text-editor.default\">\n\t\t\t\t<div class=\"elementor-widget-container\">\n\t\t\t\t\t\t\t\t\tBigPack <span>ECOgreen<\/span>\t\t\t\t\t\t\t\t<\/div>\n\t\t\t\t<\/div>\n\t\t\t\t\t<\/div>\n\t\t<\/div>\n\t\t\t\t\t<\/div>\n\t\t<\/section>\n\t\t\t\t<section class=\"elementor-section elementor-top-section elementor-element elementor-element-36836333 elementor-section-boxed elementor-section-height-default elementor-section-height-default\" data-id=\"36836333\" data-element_type=\"section\" data-e-type=\"section\" data-settings=\"{&quot;background_background&quot;:&quot;classic&quot;}\">\n\t\t\t\t\t\t<div class=\"elementor-container elementor-column-gap-default\">\n\t\t\t\t\t<div class=\"elementor-column elementor-col-100 elementor-top-column elementor-element elementor-element-52be0d30\" data-id=\"52be0d30\" data-element_type=\"column\" data-e-type=\"column\">\n\t\t\t<div class=\"elementor-widget-wrap elementor-element-populated\">\n\t\t\t\t\t\t<div class=\"elementor-element elementor-element-3e67a5ae elementor-hidden-mobile elementor-widget elementor-widget-spacer\" data-id=\"3e67a5ae\" data-element_type=\"widget\" data-e-type=\"widget\" data-widget_type=\"spacer.default\">\n\t\t\t\t<div class=\"elementor-widget-container\">\n\t\t\t\t\t\t\t<div class=\"elementor-spacer\">\n\t\t\t<div class=\"elementor-spacer-inner\"><\/div>\n\t\t<\/div>\n\t\t\t\t\t\t<\/div>\n\t\t\t\t<\/div>\n\t\t\t\t<div class=\"elementor-element elementor-element-68007d1b paginadetall elementor-widget elementor-widget-text-editor\" data-id=\"68007d1b\" data-element_type=\"widget\" data-e-type=\"widget\" data-widget_type=\"text-editor.default\">\n\t\t\t\t<div class=\"elementor-widget-container\">\n\t\t\t\t\t\t\t\t\t<h1>El model de Big Bag m\u00e9s respectu\u00f3s amb el medi ambient<\/h1>\t\t\t\t\t\t\t\t<\/div>\n\t\t\t\t<\/div>\n\t\t\t\t<div class=\"elementor-element elementor-element-77fc4795 paginadetall elementor-widget elementor-widget-text-editor\" data-id=\"77fc4795\" data-element_type=\"widget\" data-e-type=\"widget\" data-widget_type=\"text-editor.default\">\n\t\t\t\t<div class=\"elementor-widget-container\">\n\t\t\t\t\t\t\t\t\t<h2>Les mateixes propietats que un Big Bag convencional<\/h2>\t\t\t\t\t\t\t\t<\/div>\n\t\t\t\t<\/div>\n\t\t\t\t<section class=\"elementor-section elementor-inner-section elementor-element elementor-element-7eeef72 elementor-section-boxed elementor-section-height-default elementor-section-height-default\" data-id=\"7eeef72\" data-element_type=\"section\" data-e-type=\"section\">\n\t\t\t\t\t\t<div class=\"elementor-container elementor-column-gap-default\">\n\t\t\t\t\t<div class=\"elementor-column elementor-col-50 elementor-inner-column elementor-element elementor-element-9692fb0\" data-id=\"9692fb0\" data-element_type=\"column\" data-e-type=\"column\">\n\t\t\t<div class=\"elementor-widget-wrap elementor-element-populated\">\n\t\t\t\t\t\t<div class=\"elementor-element elementor-element-77f9568 elementor-widget elementor-widget-spacer\" data-id=\"77f9568\" data-element_type=\"widget\" data-e-type=\"widget\" data-widget_type=\"spacer.default\">\n\t\t\t\t<div class=\"elementor-widget-container\">\n\t\t\t\t\t\t\t<div class=\"elementor-spacer\">\n\t\t\t<div class=\"elementor-spacer-inner\"><\/div>\n\t\t<\/div>\n\t\t\t\t\t\t<\/div>\n\t\t\t\t<\/div>\n\t\t\t\t<div class=\"elementor-element elementor-element-5ebe3b47 elementor-widget elementor-widget-text-editor\" data-id=\"5ebe3b47\" data-element_type=\"widget\" data-e-type=\"widget\" data-widget_type=\"text-editor.default\">\n\t\t\t\t<div class=\"elementor-widget-container\">\n\t\t\t\t\t\t\t\t\tFabricaci\u00f3 sostenible\t\t\t\t\t\t\t\t<\/div>\n\t\t\t\t<\/div>\n\t\t\t\t<div class=\"elementor-element elementor-element-473dc5b0 elementor-widget elementor-widget-text-editor\" data-id=\"473dc5b0\" data-element_type=\"widget\" data-e-type=\"widget\" data-widget_type=\"text-editor.default\">\n\t\t\t\t<div class=\"elementor-widget-container\">\n\t\t\t\t\t\t\t\t\t<p>Fabricat \u00edntegrament amb material PET 100% reciclat, recuperat d&#8217;ampolles de pl\u00e0stic<\/p>\t\t\t\t\t\t\t\t<\/div>\n\t\t\t\t<\/div>\n\t\t\t\t\t<\/div>\n\t\t<\/div>\n\t\t\t\t<div class=\"elementor-column elementor-col-50 elementor-inner-column elementor-element elementor-element-7bceff2\" data-id=\"7bceff2\" data-element_type=\"column\" data-e-type=\"column\">\n\t\t\t<div class=\"elementor-widget-wrap elementor-element-populated\">\n\t\t\t\t\t\t<div class=\"elementor-element elementor-element-49ce84e elementor-widget elementor-widget-image\" data-id=\"49ce84e\" data-element_type=\"widget\" data-e-type=\"widget\" data-widget_type=\"image.default\">\n\t\t\t\t<div class=\"elementor-widget-container\">\n\t\t\t\t\t\t\t\t\t\t\t\t\t\t\t<img fetchpriority=\"high\" decoding=\"async\" width=\"600\" height=\"538\" src=\"https:\/\/f2servid.com\/wp-content\/uploads\/2022\/05\/LT_F2S_ECOGREEN_infografic.jpg\" class=\"attachment-large size-large wp-image-2511\" alt=\"\" srcset=\"https:\/\/f2servid.com\/wp-content\/uploads\/2022\/05\/LT_F2S_ECOGREEN_infografic.jpg 600w, https:\/\/f2servid.com\/wp-content\/uploads\/2022\/05\/LT_F2S_ECOGREEN_infografic-300x269.jpg 300w\" sizes=\"(max-width: 600px) 100vw, 600px\" \/>\t\t\t\t\t\t\t\t\t\t\t\t\t\t\t<\/div>\n\t\t\t\t<\/div>\n\t\t\t\t\t<\/div>\n\t\t<\/div>\n\t\t\t\t\t<\/div>\n\t\t<\/section>\n\t\t\t\t\t<\/div>\n\t\t<\/div>\n\t\t\t\t\t<\/div>\n\t\t<\/section>\n\t\t\t\t<section class=\"elementor-section elementor-top-section elementor-element elementor-element-4a4f660 fonsgris elementor-section-boxed elementor-section-height-default elementor-section-height-default\" data-id=\"4a4f660\" data-element_type=\"section\" data-e-type=\"section\" data-settings=\"{&quot;background_background&quot;:&quot;classic&quot;}\">\n\t\t\t\t\t\t<div class=\"elementor-container elementor-column-gap-default\">\n\t\t\t\t\t<div class=\"elementor-column elementor-col-100 elementor-top-column elementor-element elementor-element-25f74b14\" data-id=\"25f74b14\" data-element_type=\"column\" data-e-type=\"column\">\n\t\t\t<div class=\"elementor-widget-wrap elementor-element-populated\">\n\t\t\t\t\t\t<div class=\"elementor-element elementor-element-48b621d elementor-widget elementor-widget-spacer\" data-id=\"48b621d\" data-element_type=\"widget\" data-e-type=\"widget\" data-widget_type=\"spacer.default\">\n\t\t\t\t<div class=\"elementor-widget-container\">\n\t\t\t\t\t\t\t<div class=\"elementor-spacer\">\n\t\t\t<div class=\"elementor-spacer-inner\"><\/div>\n\t\t<\/div>\n\t\t\t\t\t\t<\/div>\n\t\t\t\t<\/div>\n\t\t\t\t<div class=\"elementor-element elementor-element-6d57360a elementor-widget elementor-widget-text-editor\" data-id=\"6d57360a\" data-element_type=\"widget\" data-e-type=\"widget\" data-widget_type=\"text-editor.default\">\n\t\t\t\t<div class=\"elementor-widget-container\">\n\t\t\t\t\t\t\t\t\t<p style=\"text-align: center;\">Fabricat 100% amb ampolles PET reciclades<\/p>\t\t\t\t\t\t\t\t<\/div>\n\t\t\t\t<\/div>\n\t\t\t\t<div class=\"elementor-element elementor-element-36b30efc elementor-widget elementor-widget-text-editor\" data-id=\"36b30efc\" data-element_type=\"widget\" data-e-type=\"widget\" data-widget_type=\"text-editor.default\">\n\t\t\t\t<div class=\"elementor-widget-container\">\n\t\t\t\t\t\t\t\t\t<p style=\"text-align: center;\">Possibilitat d&#8217;impressi\u00f3 i personalitzaci\u00f3 tenint cura del medi ambient<\/p>\t\t\t\t\t\t\t\t<\/div>\n\t\t\t\t<\/div>\n\t\t\t\t<div class=\"elementor-element elementor-element-f67c1be elementor-widget elementor-widget-spacer\" data-id=\"f67c1be\" data-element_type=\"widget\" data-e-type=\"widget\" data-widget_type=\"spacer.default\">\n\t\t\t\t<div class=\"elementor-widget-container\">\n\t\t\t\t\t\t\t<div class=\"elementor-spacer\">\n\t\t\t<div class=\"elementor-spacer-inner\"><\/div>\n\t\t<\/div>\n\t\t\t\t\t\t<\/div>\n\t\t\t\t<\/div>\n\t\t\t\t\t<\/div>\n\t\t<\/div>\n\t\t\t\t\t<\/div>\n\t\t<\/section>\n\t\t\t\t<section class=\"elementor-section elementor-top-section elementor-element elementor-element-30addacf elementor-section-boxed elementor-section-height-default elementor-section-height-default\" data-id=\"30addacf\" data-element_type=\"section\" data-e-type=\"section\">\n\t\t\t\t\t\t<div class=\"elementor-container elementor-column-gap-default\">\n\t\t\t\t\t<div class=\"elementor-column elementor-col-100 elementor-top-column elementor-element elementor-element-6ace27ed\" data-id=\"6ace27ed\" data-element_type=\"column\" data-e-type=\"column\">\n\t\t\t<div class=\"elementor-widget-wrap elementor-element-populated\">\n\t\t\t\t\t\t<div class=\"elementor-element elementor-element-5577b674 elementor-widget elementor-widget-spacer\" data-id=\"5577b674\" data-element_type=\"widget\" data-e-type=\"widget\" data-widget_type=\"spacer.default\">\n\t\t\t\t<div class=\"elementor-widget-container\">\n\t\t\t\t\t\t\t<div class=\"elementor-spacer\">\n\t\t\t<div class=\"elementor-spacer-inner\"><\/div>\n\t\t<\/div>\n\t\t\t\t\t\t<\/div>\n\t\t\t\t<\/div>\n\t\t\t\t\t<\/div>\n\t\t<\/div>\n\t\t\t\t\t<\/div>\n\t\t<\/section>\n\t\t\t\t<section class=\"elementor-section elementor-top-section elementor-element elementor-element-1e682966 elementor-section-boxed elementor-section-height-default elementor-section-height-default\" data-id=\"1e682966\" data-element_type=\"section\" data-e-type=\"section\">\n\t\t\t\t\t\t<div class=\"elementor-container elementor-column-gap-default\">\n\t\t\t\t\t<div class=\"elementor-column elementor-col-100 elementor-top-column elementor-element elementor-element-757f52eb\" data-id=\"757f52eb\" data-element_type=\"column\" data-e-type=\"column\">\n\t\t\t<div class=\"elementor-widget-wrap elementor-element-populated\">\n\t\t\t\t\t\t<div class=\"elementor-element elementor-element-1da6cac4 elementor-align-center elementor-widget elementor-widget-button\" data-id=\"1da6cac4\" data-element_type=\"widget\" data-e-type=\"widget\" data-widget_type=\"button.default\">\n\t\t\t\t<div class=\"elementor-widget-container\">\n\t\t\t\t\t\t\t\t\t<div class=\"elementor-button-wrapper\">\n\t\t\t\t\t<a class=\"elementor-button elementor-button-link elementor-size-sm\" href=\"https:\/\/f2servid.com\/catalogos\/BigPack.pdf\" target=\"_blank\">\n\t\t\t\t\t\t<span class=\"elementor-button-content-wrapper\">\n\t\t\t\t\t\t\t\t\t<span class=\"elementor-button-text\">Cat\u00e0leg<\/span>\n\t\t\t\t\t<\/span>\n\t\t\t\t\t<\/a>\n\t\t\t\t<\/div>\n\t\t\t\t\t\t\t\t<\/div>\n\t\t\t\t<\/div>\n\t\t\t\t<div class=\"elementor-element elementor-element-7583a10e elementor-widget elementor-widget-spacer\" data-id=\"7583a10e\" data-element_type=\"widget\" data-e-type=\"widget\" data-widget_type=\"spacer.default\">\n\t\t\t\t<div class=\"elementor-widget-container\">\n\t\t\t\t\t\t\t<div class=\"elementor-spacer\">\n\t\t\t<div class=\"elementor-spacer-inner\"><\/div>\n\t\t<\/div>\n\t\t\t\t\t\t<\/div>\n\t\t\t\t<\/div>\n\t\t\t\t\t<\/div>\n\t\t<\/div>\n\t\t\t\t\t<\/div>\n\t\t<\/section>\n\t\t\t\t<\/div>\n\t\t","protected":false},"excerpt":{"rendered":"<p>Home BigPack BIG BAGSBigPack ECOgreen El model de Big Bag m\u00e9s respectu\u00f3s amb el medi ambient Les mateixes propietats que un Big Bag convencional Fabricaci\u00f3 sostenible Fabricat \u00edntegrament amb material PET 100% reciclat, recuperat d&#8217;ampolles de pl\u00e0stic Fabricat 100% amb ampolles PET reciclades Possibilitat d&#8217;impressi\u00f3 i personalitzaci\u00f3 tenint cura del medi ambient Cat\u00e0leg<\/p>\n","protected":false},"author":7,"featured_media":0,"parent":2691,"menu_order":0,"comment_status":"closed","ping_status":"closed","template":"","meta":{"_acf_changed":false,"footnotes":""},"class_list":["post-2704","page","type-page","status-publish","hentry"],"acf":[],"yoast_head":"<!-- This site is optimized with the Yoast SEO plugin v27.3 - https:\/\/yoast.com\/product\/yoast-seo-wordpress\/ -->\n<title>\u25b7\u00a0BigPack Ecogreen - F2 SERVID<\/title>\n<meta name=\"robots\" content=\"index, follow, max-snippet:-1, max-image-preview:large, max-video-preview:-1\" \/>\n<link rel=\"canonical\" href=\"https:\/\/f2servid.com\/big-bag\/bigpack-ecogreen\/\" \/>\n<meta property=\"og:locale\" content=\"ca_ES\" \/>\n<meta property=\"og:type\" content=\"article\" \/>\n<meta property=\"og:title\" content=\"\u25b7\u00a0BigPack Ecogreen - F2 SERVID\" \/>\n<meta property=\"og:description\" content=\"Home BigPack BIG BAGSBigPack ECOgreen El model de Big Bag m\u00e9s respectu\u00f3s amb el medi ambient Les mateixes propietats que un Big Bag convencional Fabricaci\u00f3 sostenible Fabricat \u00edntegrament amb material PET 100% reciclat, recuperat d&#8217;ampolles de pl\u00e0stic Fabricat 100% amb ampolles PET reciclades Possibilitat d&#8217;impressi\u00f3 i personalitzaci\u00f3 tenint cura del medi ambient Cat\u00e0leg\" \/>\n<meta property=\"og:url\" content=\"https:\/\/f2servid.com\/big-bag\/bigpack-ecogreen\/\" \/>\n<meta property=\"og:site_name\" content=\"F2 SERVID\" \/>\n<meta property=\"article:modified_time\" content=\"2022-05-23T14:16:37+00:00\" \/>\n<meta property=\"og:image\" content=\"https:\/\/f2servid.com\/wp-content\/uploads\/2022\/05\/bigpack-green.png\" \/>\n<meta name=\"twitter:card\" content=\"summary_large_image\" \/>\n<script type=\"application\/ld+json\" class=\"yoast-schema-graph\">{\"@context\":\"https:\\\/\\\/schema.org\",\"@graph\":[{\"@type\":\"WebPage\",\"@id\":\"https:\\\/\\\/f2servid.com\\\/big-bag\\\/bigpack-ecogreen\\\/\",\"url\":\"https:\\\/\\\/f2servid.com\\\/big-bag\\\/bigpack-ecogreen\\\/\",\"name\":\"\u25b7\u00a0BigPack Ecogreen - F2 SERVID\",\"isPartOf\":{\"@id\":\"https:\\\/\\\/f2servid.com\\\/#website\"},\"primaryImageOfPage\":{\"@id\":\"https:\\\/\\\/f2servid.com\\\/big-bag\\\/bigpack-ecogreen\\\/#primaryimage\"},\"image\":{\"@id\":\"https:\\\/\\\/f2servid.com\\\/big-bag\\\/bigpack-ecogreen\\\/#primaryimage\"},\"thumbnailUrl\":\"https:\\\/\\\/f2servid.com\\\/wp-content\\\/uploads\\\/2022\\\/05\\\/bigpack-green.png\",\"datePublished\":\"2022-05-16T15:16:47+00:00\",\"dateModified\":\"2022-05-23T14:16:37+00:00\",\"breadcrumb\":{\"@id\":\"https:\\\/\\\/f2servid.com\\\/big-bag\\\/bigpack-ecogreen\\\/#breadcrumb\"},\"inLanguage\":\"ca\",\"potentialAction\":[{\"@type\":\"ReadAction\",\"target\":[\"https:\\\/\\\/f2servid.com\\\/big-bag\\\/bigpack-ecogreen\\\/\"]}]},{\"@type\":\"ImageObject\",\"inLanguage\":\"ca\",\"@id\":\"https:\\\/\\\/f2servid.com\\\/big-bag\\\/bigpack-ecogreen\\\/#primaryimage\",\"url\":\"https:\\\/\\\/f2servid.com\\\/wp-content\\\/uploads\\\/2022\\\/05\\\/bigpack-green.png\",\"contentUrl\":\"https:\\\/\\\/f2servid.com\\\/wp-content\\\/uploads\\\/2022\\\/05\\\/bigpack-green.png\"},{\"@type\":\"BreadcrumbList\",\"@id\":\"https:\\\/\\\/f2servid.com\\\/big-bag\\\/bigpack-ecogreen\\\/#breadcrumb\",\"itemListElement\":[{\"@type\":\"ListItem\",\"position\":1,\"name\":\"Portada\",\"item\":\"https:\\\/\\\/f2servid.com\\\/ca\\\/\"},{\"@type\":\"ListItem\",\"position\":2,\"name\":\"BigPack\",\"item\":\"https:\\\/\\\/f2servid.com\\\/big-bag\\\/\"},{\"@type\":\"ListItem\",\"position\":3,\"name\":\"BigPack Ecogreen\"}]},{\"@type\":\"WebSite\",\"@id\":\"https:\\\/\\\/f2servid.com\\\/#website\",\"url\":\"https:\\\/\\\/f2servid.com\\\/\",\"name\":\"F2 SERVID\",\"description\":\"Safe industrial packaging\",\"potentialAction\":[{\"@type\":\"SearchAction\",\"target\":{\"@type\":\"EntryPoint\",\"urlTemplate\":\"https:\\\/\\\/f2servid.com\\\/?s={search_term_string}\"},\"query-input\":{\"@type\":\"PropertyValueSpecification\",\"valueRequired\":true,\"valueName\":\"search_term_string\"}}],\"inLanguage\":\"ca\"}]}<\/script>\n<!-- \/ Yoast SEO plugin. -->","yoast_head_json":{"title":"\u25b7\u00a0BigPack Ecogreen - F2 SERVID","robots":{"index":"index","follow":"follow","max-snippet":"max-snippet:-1","max-image-preview":"max-image-preview:large","max-video-preview":"max-video-preview:-1"},"canonical":"https:\/\/f2servid.com\/big-bag\/bigpack-ecogreen\/","og_locale":"ca_ES","og_type":"article","og_title":"\u25b7\u00a0BigPack Ecogreen - F2 SERVID","og_description":"Home BigPack BIG BAGSBigPack ECOgreen El model de Big Bag m\u00e9s respectu\u00f3s amb el medi ambient Les mateixes propietats que un Big Bag convencional Fabricaci\u00f3 sostenible Fabricat \u00edntegrament amb material PET 100% reciclat, recuperat d&#8217;ampolles de pl\u00e0stic Fabricat 100% amb ampolles PET reciclades Possibilitat d&#8217;impressi\u00f3 i personalitzaci\u00f3 tenint cura del medi ambient Cat\u00e0leg","og_url":"https:\/\/f2servid.com\/big-bag\/bigpack-ecogreen\/","og_site_name":"F2 SERVID","article_modified_time":"2022-05-23T14:16:37+00:00","og_image":[{"url":"https:\/\/f2servid.com\/wp-content\/uploads\/2022\/05\/bigpack-green.png","type":"","width":"","height":""}],"twitter_card":"summary_large_image","schema":{"@context":"https:\/\/schema.org","@graph":[{"@type":"WebPage","@id":"https:\/\/f2servid.com\/big-bag\/bigpack-ecogreen\/","url":"https:\/\/f2servid.com\/big-bag\/bigpack-ecogreen\/","name":"\u25b7\u00a0BigPack Ecogreen - F2 SERVID","isPartOf":{"@id":"https:\/\/f2servid.com\/#website"},"primaryImageOfPage":{"@id":"https:\/\/f2servid.com\/big-bag\/bigpack-ecogreen\/#primaryimage"},"image":{"@id":"https:\/\/f2servid.com\/big-bag\/bigpack-ecogreen\/#primaryimage"},"thumbnailUrl":"https:\/\/f2servid.com\/wp-content\/uploads\/2022\/05\/bigpack-green.png","datePublished":"2022-05-16T15:16:47+00:00","dateModified":"2022-05-23T14:16:37+00:00","breadcrumb":{"@id":"https:\/\/f2servid.com\/big-bag\/bigpack-ecogreen\/#breadcrumb"},"inLanguage":"ca","potentialAction":[{"@type":"ReadAction","target":["https:\/\/f2servid.com\/big-bag\/bigpack-ecogreen\/"]}]},{"@type":"ImageObject","inLanguage":"ca","@id":"https:\/\/f2servid.com\/big-bag\/bigpack-ecogreen\/#primaryimage","url":"https:\/\/f2servid.com\/wp-content\/uploads\/2022\/05\/bigpack-green.png","contentUrl":"https:\/\/f2servid.com\/wp-content\/uploads\/2022\/05\/bigpack-green.png"},{"@type":"BreadcrumbList","@id":"https:\/\/f2servid.com\/big-bag\/bigpack-ecogreen\/#breadcrumb","itemListElement":[{"@type":"ListItem","position":1,"name":"Portada","item":"https:\/\/f2servid.com\/ca\/"},{"@type":"ListItem","position":2,"name":"BigPack","item":"https:\/\/f2servid.com\/big-bag\/"},{"@type":"ListItem","position":3,"name":"BigPack Ecogreen"}]},{"@type":"WebSite","@id":"https:\/\/f2servid.com\/#website","url":"https:\/\/f2servid.com\/","name":"F2 SERVID","description":"Safe industrial packaging","potentialAction":[{"@type":"SearchAction","target":{"@type":"EntryPoint","urlTemplate":"https:\/\/f2servid.com\/?s={search_term_string}"},"query-input":{"@type":"PropertyValueSpecification","valueRequired":true,"valueName":"search_term_string"}}],"inLanguage":"ca"}]}},"_links":{"self":[{"href":"https:\/\/f2servid.com\/ca\/wp-json\/wp\/v2\/pages\/2704","targetHints":{"allow":["GET"]}}],"collection":[{"href":"https:\/\/f2servid.com\/ca\/wp-json\/wp\/v2\/pages"}],"about":[{"href":"https:\/\/f2servid.com\/ca\/wp-json\/wp\/v2\/types\/page"}],"author":[{"embeddable":true,"href":"https:\/\/f2servid.com\/ca\/wp-json\/wp\/v2\/users\/7"}],"replies":[{"embeddable":true,"href":"https:\/\/f2servid.com\/ca\/wp-json\/wp\/v2\/comments?post=2704"}],"version-history":[{"count":8,"href":"https:\/\/f2servid.com\/ca\/wp-json\/wp\/v2\/pages\/2704\/revisions"}],"predecessor-version":[{"id":3742,"href":"https:\/\/f2servid.com\/ca\/wp-json\/wp\/v2\/pages\/2704\/revisions\/3742"}],"up":[{"embeddable":true,"href":"https:\/\/f2servid.com\/ca\/wp-json\/wp\/v2\/pages\/2691"}],"wp:attachment":[{"href":"https:\/\/f2servid.com\/ca\/wp-json\/wp\/v2\/media?parent=2704"}],"curies":[{"name":"wp","href":"https:\/\/api.w.org\/{rel}","templated":true}]}}